{"id":98,"date":"2024-04-03T14:54:14","date_gmt":"2024-04-03T14:54:14","guid":{"rendered":"https:\/\/www.cepikz.pl\/?page_id=98"},"modified":"2024-07-24T05:58:54","modified_gmt":"2024-07-24T05:58:54","slug":"motywacja","status":"publish","type":"page","link":"https:\/\/www.cepikz.pl\/index.php\/motywacja\/","title":{"rendered":"MOTYWACJA"},"content":{"rendered":"\t\t<div data-elementor-type=\"wp-page\" data-elementor-id=\"98\" class=\"elementor elementor-98\" data-elementor-post-type=\"page\">\n\t\t\t\t<div class=\"elementor-element elementor-element-8e9cd85 e-con-full e-flex e-con e-parent\" data-id=\"8e9cd85\" data-element_type=\"container\">\n\t\t\t\t<div class=\"elementor-element elementor-element-dc8db7c elementor-widget elementor-widget-text-editor\" data-id=\"dc8db7c\" data-element_type=\"widget\" data-widget_type=\"text-editor.default\">\n\t\t\t\t<div class=\"elementor-widget-container\">\n\t\t\t\t\t\t\t\t\t<ol><li>MOTYWACJA \u2013 Naszym celem jest eliminacja nieuczciwych kierowc\u00f3w, zablokowanie mo\u017cliwo\u015bci sprzeda\u017cy samochod\u00f3w przez d\u0142u\u017cnik\u00f3w oraz odholowanie pojazd\u00f3w, w kt\u00f3rych kierowcy unikaj\u0105 p\u0142atno\u015bci i dokonuj\u0105cy kolejnego parkowania wbrew regulaminom parkowania lub w strefach p\u0142atnego parkowania. Jednocze\u015bnie upublicznia\u0107 pojazdy, kt\u00f3rymi poruszaj\u0105 si\u0119 osoby nieuczciwe i nie sp\u0142acaj\u0105ce swoich zobowi\u0105za\u0144 czy nadu\u017cywaj\u0105cych waszych nieruchomo\u015bci w spos\u00f3b nielegalny naruszaj\u0105c przy tym prawo w\u0142asno\u015bci prawo cywilne oraz karne.<\/li><\/ol>\t\t\t\t\t\t\t\t<\/div>\n\t\t\t\t<\/div>\n\t\t\t\t<\/div>\n\t\t\t\t<\/div>\n\t\t","protected":false},"excerpt":{"rendered":"<p>MOTYWACJA \u2013 Naszym celem jest eliminacja nieuczciwych kierowc\u00f3w, zablokowanie mo\u017cliwo\u015bci sprzeda\u017cy samochod\u00f3w przez d\u0142u\u017cnik\u00f3w oraz odholowanie pojazd\u00f3w, w kt\u00f3rych kierowcy unikaj\u0105 p\u0142atno\u015bci i dokonuj\u0105cy kolejnego parkowania wbrew regulaminom parkowania lub w strefach p\u0142atnego parkowania. Jednocze\u015bnie upublicznia\u0107 pojazdy, kt\u00f3rymi poruszaj\u0105 si\u0119 osoby nieuczciwe i nie sp\u0142acaj\u0105ce swoich zobowi\u0105za\u0144 czy nadu\u017cywaj\u0105cych waszych nieruchomo\u015bci w spos\u00f3b nielegalny naruszaj\u0105c [&hellip;]<\/p>\n","protected":false},"author":1,"featured_media":0,"parent":0,"menu_order":0,"comment_status":"closed","ping_status":"closed","template":"elementor_header_footer","meta":{"_et_pb_use_builder":"","_et_pb_old_content":"","_et_gb_content_width":"1920","footnotes":""},"class_list":["post-98","page","type-page","status-publish","hentry"],"yoast_head":"<!-- This site is optimized with the Yoast SEO plugin v25.6 - https:\/\/yoast.com\/wordpress\/plugins\/seo\/ -->\n<title>MOTYWACJA - Centralna ewidencja pojazd\u00f3w i kierowc\u00f3w zad\u0142u\u017conych<\/title>\n<meta name=\"robots\" content=\"index, follow, max-snippet:-1, max-image-preview:large, max-video-preview:-1\" \/>\n<link rel=\"canonical\" href=\"http:\/\/www.cepikz.pl\/index.php\/motywacja\/\" \/>\n<meta property=\"og:locale\" content=\"pl_PL\" \/>\n<meta property=\"og:type\" content=\"article\" \/>\n<meta property=\"og:title\" content=\"MOTYWACJA - Centralna ewidencja pojazd\u00f3w i kierowc\u00f3w zad\u0142u\u017conych\" \/>\n<meta property=\"og:description\" content=\"MOTYWACJA \u2013 Naszym celem jest eliminacja nieuczciwych kierowc\u00f3w, zablokowanie mo\u017cliwo\u015bci sprzeda\u017cy samochod\u00f3w przez d\u0142u\u017cnik\u00f3w oraz odholowanie pojazd\u00f3w, w kt\u00f3rych kierowcy unikaj\u0105 p\u0142atno\u015bci i dokonuj\u0105cy kolejnego parkowania wbrew regulaminom parkowania lub w strefach p\u0142atnego parkowania. Jednocze\u015bnie upublicznia\u0107 pojazdy, kt\u00f3rymi poruszaj\u0105 si\u0119 osoby nieuczciwe i nie sp\u0142acaj\u0105ce swoich zobowi\u0105za\u0144 czy nadu\u017cywaj\u0105cych waszych nieruchomo\u015bci w spos\u00f3b nielegalny naruszaj\u0105c [&hellip;]\" \/>\n<meta property=\"og:url\" content=\"http:\/\/www.cepikz.pl\/index.php\/motywacja\/\" \/>\n<meta property=\"og:site_name\" content=\"CEPIKZ\" \/>\n<meta property=\"article:modified_time\" content=\"2024-07-24T05:58:54+00:00\" \/>\n<meta name=\"twitter:card\" content=\"summary_large_image\" \/>\n<meta name=\"twitter:label1\" content=\"Szacowany czas czytania\" \/>\n\t<meta name=\"twitter:data1\" content=\"1 minuta\" \/>\n<script type=\"application\/ld+json\" class=\"yoast-schema-graph\">{\"@context\":\"https:\/\/schema.org\",\"@graph\":[{\"@type\":\"WebPage\",\"@id\":\"http:\/\/www.cepikz.pl\/index.php\/motywacja\/\",\"url\":\"http:\/\/www.cepikz.pl\/index.php\/motywacja\/\",\"name\":\"MOTYWACJA - Centralna ewidencja pojazd\u00f3w i kierowc\u00f3w zad\u0142u\u017conych\",\"isPartOf\":{\"@id\":\"https:\/\/www.cepikz.pl\/#website\"},\"datePublished\":\"2024-04-03T14:54:14+00:00\",\"dateModified\":\"2024-07-24T05:58:54+00:00\",\"breadcrumb\":{\"@id\":\"http:\/\/www.cepikz.pl\/index.php\/motywacja\/#breadcrumb\"},\"inLanguage\":\"pl-PL\",\"potentialAction\":[{\"@type\":\"ReadAction\",\"target\":[\"http:\/\/www.cepikz.pl\/index.php\/motywacja\/\"]}]},{\"@type\":\"BreadcrumbList\",\"@id\":\"http:\/\/www.cepikz.pl\/index.php\/motywacja\/#breadcrumb\",\"itemListElement\":[{\"@type\":\"ListItem\",\"position\":1,\"name\":\"Home\",\"item\":\"https:\/\/www.cepikz.pl\/\"},{\"@type\":\"ListItem\",\"position\":2,\"name\":\"MOTYWACJA\"}]},{\"@type\":\"WebSite\",\"@id\":\"https:\/\/www.cepikz.pl\/#website\",\"url\":\"https:\/\/www.cepikz.pl\/\",\"name\":\"CEPIKZ\",\"description\":\"\",\"potentialAction\":[{\"@type\":\"SearchAction\",\"target\":{\"@type\":\"EntryPoint\",\"urlTemplate\":\"https:\/\/www.cepikz.pl\/?s={search_term_string}\"},\"query-input\":{\"@type\":\"PropertyValueSpecification\",\"valueRequired\":true,\"valueName\":\"search_term_string\"}}],\"inLanguage\":\"pl-PL\"}]}<\/script>\n<!-- \/ Yoast SEO plugin. -->","yoast_head_json":{"title":"MOTYWACJA - Centralna ewidencja pojazd\u00f3w i kierowc\u00f3w zad\u0142u\u017conych","robots":{"index":"index","follow":"follow","max-snippet":"max-snippet:-1","max-image-preview":"max-image-preview:large","max-video-preview":"max-video-preview:-1"},"canonical":"http:\/\/www.cepikz.pl\/index.php\/motywacja\/","og_locale":"pl_PL","og_type":"article","og_title":"MOTYWACJA - Centralna ewidencja pojazd\u00f3w i kierowc\u00f3w zad\u0142u\u017conych","og_description":"MOTYWACJA \u2013 Naszym celem jest eliminacja nieuczciwych kierowc\u00f3w, zablokowanie mo\u017cliwo\u015bci sprzeda\u017cy samochod\u00f3w przez d\u0142u\u017cnik\u00f3w oraz odholowanie pojazd\u00f3w, w kt\u00f3rych kierowcy unikaj\u0105 p\u0142atno\u015bci i dokonuj\u0105cy kolejnego parkowania wbrew regulaminom parkowania lub w strefach p\u0142atnego parkowania. Jednocze\u015bnie upublicznia\u0107 pojazdy, kt\u00f3rymi poruszaj\u0105 si\u0119 osoby nieuczciwe i nie sp\u0142acaj\u0105ce swoich zobowi\u0105za\u0144 czy nadu\u017cywaj\u0105cych waszych nieruchomo\u015bci w spos\u00f3b nielegalny naruszaj\u0105c [&hellip;]","og_url":"http:\/\/www.cepikz.pl\/index.php\/motywacja\/","og_site_name":"CEPIKZ","article_modified_time":"2024-07-24T05:58:54+00:00","twitter_card":"summary_large_image","twitter_misc":{"Szacowany czas czytania":"1 minuta"},"schema":{"@context":"https:\/\/schema.org","@graph":[{"@type":"WebPage","@id":"http:\/\/www.cepikz.pl\/index.php\/motywacja\/","url":"http:\/\/www.cepikz.pl\/index.php\/motywacja\/","name":"MOTYWACJA - Centralna ewidencja pojazd\u00f3w i kierowc\u00f3w zad\u0142u\u017conych","isPartOf":{"@id":"https:\/\/www.cepikz.pl\/#website"},"datePublished":"2024-04-03T14:54:14+00:00","dateModified":"2024-07-24T05:58:54+00:00","breadcrumb":{"@id":"http:\/\/www.cepikz.pl\/index.php\/motywacja\/#breadcrumb"},"inLanguage":"pl-PL","potentialAction":[{"@type":"ReadAction","target":["http:\/\/www.cepikz.pl\/index.php\/motywacja\/"]}]},{"@type":"BreadcrumbList","@id":"http:\/\/www.cepikz.pl\/index.php\/motywacja\/#breadcrumb","itemListElement":[{"@type":"ListItem","position":1,"name":"Home","item":"https:\/\/www.cepikz.pl\/"},{"@type":"ListItem","position":2,"name":"MOTYWACJA"}]},{"@type":"WebSite","@id":"https:\/\/www.cepikz.pl\/#website","url":"https:\/\/www.cepikz.pl\/","name":"CEPIKZ","description":"","potentialAction":[{"@type":"SearchAction","target":{"@type":"EntryPoint","urlTemplate":"https:\/\/www.cepikz.pl\/?s={search_term_string}"},"query-input":{"@type":"PropertyValueSpecification","valueRequired":true,"valueName":"search_term_string"}}],"inLanguage":"pl-PL"}]}},"_links":{"self":[{"href":"https:\/\/www.cepikz.pl\/index.php\/wp-json\/wp\/v2\/pages\/98"}],"collection":[{"href":"https:\/\/www.cepikz.pl\/index.php\/wp-json\/wp\/v2\/pages"}],"about":[{"href":"https:\/\/www.cepikz.pl\/index.php\/wp-json\/wp\/v2\/types\/page"}],"author":[{"embeddable":true,"href":"https:\/\/www.cepikz.pl\/index.php\/wp-json\/wp\/v2\/users\/1"}],"replies":[{"embeddable":true,"href":"https:\/\/www.cepikz.pl\/index.php\/wp-json\/wp\/v2\/comments?post=98"}],"version-history":[{"count":8,"href":"https:\/\/www.cepikz.pl\/index.php\/wp-json\/wp\/v2\/pages\/98\/revisions"}],"predecessor-version":[{"id":353,"href":"https:\/\/www.cepikz.pl\/index.php\/wp-json\/wp\/v2\/pages\/98\/revisions\/353"}],"wp:attachment":[{"href":"https:\/\/www.cepikz.pl\/index.php\/wp-json\/wp\/v2\/media?parent=98"}],"curies":[{"name":"wp","href":"https:\/\/api.w.org\/{rel}","templated":true}]}}