{"id":95,"date":"2024-04-03T14:52:31","date_gmt":"2024-04-03T14:52:31","guid":{"rendered":"https:\/\/www.cepikz.pl\/?page_id=95"},"modified":"2024-07-24T06:12:43","modified_gmt":"2024-07-24T06:12:43","slug":"zglos-pojazd","status":"publish","type":"page","link":"https:\/\/www.cepikz.pl\/index.php\/zglos-pojazd\/","title":{"rendered":"ZG\u0141O\u015a POJAZD"},"content":{"rendered":"\t\t<div data-elementor-type=\"wp-page\" data-elementor-id=\"95\" class=\"elementor elementor-95\" data-elementor-post-type=\"page\">\n\t\t\t\t<div class=\"elementor-element elementor-element-365e955 e-con-full e-flex e-con e-parent\" data-id=\"365e955\" data-element_type=\"container\">\n\t\t\t\t<div class=\"elementor-element elementor-element-02c557a elementor-widget elementor-widget-text-editor\" data-id=\"02c557a\" data-element_type=\"widget\" data-widget_type=\"text-editor.default\">\n\t\t\t\t<div class=\"elementor-widget-container\">\n\t\t\t\t\t\t\t\t\t<ol><li>ZG\u0141O\u015a POJAZD &#8211; dodaj pojazd, z\u0142\u00f3\u017c wniosek, twoje zg\u0142oszenie pozostanie anonimowe, a my po wst\u0119pnej analizie poprosimy ci\u0119 o wp\u0142at\u0119 w wysoko\u015bci 100 PLN (burtto) *w przypadku braku mo\u017cliwo\u015bci dodania pojazdu po przeprowadzonej analizie op\u0142ata zostanie zwr\u00f3cona.<\/li><\/ol><p>\u00a0<\/p><p>Pojazd zostanie udost\u0119pniony w naszej bazie i po wpisaniu numeru rejestracyjnego uka\u017ce si\u0119 status danego pojazdu, ci\u0105\u017c\u0105cych op\u0142atach oraz informacjach z nim zwi\u0105zanych, gdzie pojazd by\u0142 parkowany, czy uda\u0142o si\u0119 policji ustali\u0107 w\u0142a\u015bciciela wykroczenia lub przest\u0119pstwa i czy kierowca poni\u00f3s\u0142 konsekwencje i czy wszystkie nale\u017cno\u015bci ci\u0105\u017c\u0105ce na poje\u017adzie zosta\u0142y uregulowane, czy wci\u0105\u017c pojazd mo\u017ce zosta\u0107 odholowany i zatrzymany do czasu przys\u0142uguj\u0105cych roszcze\u0144 wobec d\u0142u\u017cnika.<\/p>\t\t\t\t\t\t\t\t<\/div>\n\t\t\t\t<\/div>\n\t\t\t\t<\/div>\n\t\t<div class=\"elementor-element elementor-element-3614d6c e-con-full e-flex e-con e-parent\" data-id=\"3614d6c\" data-element_type=\"container\">\n\t\t\t\t<div class=\"elementor-element elementor-element-4b40fb7 elementor-widget elementor-widget-heading\" data-id=\"4b40fb7\" data-element_type=\"widget\" data-widget_type=\"heading.default\">\n\t\t\t\t<div class=\"elementor-widget-container\">\n\t\t\t\t\t<h2 class=\"elementor-heading-title elementor-size-medium\"><a href=\"https:\/\/www.cepikz.pl\/index.php\/produkt\/zglos-pojazd\/\">Zg\u0142o\u015b pojazd<\/a><\/h2>\t\t\t\t<\/div>\n\t\t\t\t<\/div>\n\t\t\t\t<\/div>\n\t\t\t\t<\/div>\n\t\t","protected":false},"excerpt":{"rendered":"<p>ZG\u0141O\u015a POJAZD &#8211; dodaj pojazd, z\u0142\u00f3\u017c wniosek, twoje zg\u0142oszenie pozostanie anonimowe, a my po wst\u0119pnej analizie poprosimy ci\u0119 o wp\u0142at\u0119 w wysoko\u015bci 100 PLN (burtto) *w przypadku braku mo\u017cliwo\u015bci dodania pojazdu po przeprowadzonej analizie op\u0142ata zostanie zwr\u00f3cona. \u00a0 Pojazd zostanie udost\u0119pniony w naszej bazie i po wpisaniu numeru rejestracyjnego uka\u017ce si\u0119 status danego pojazdu, ci\u0105\u017c\u0105cych [&hellip;]<\/p>\n","protected":false},"author":1,"featured_media":0,"parent":0,"menu_order":0,"comment_status":"closed","ping_status":"closed","template":"elementor_header_footer","meta":{"_et_pb_use_builder":"","_et_pb_old_content":"","_et_gb_content_width":"1920","footnotes":""},"class_list":["post-95","page","type-page","status-publish","hentry"],"yoast_head":"<!-- This site is optimized with the Yoast SEO plugin v25.6 - https:\/\/yoast.com\/wordpress\/plugins\/seo\/ -->\n<title>ZG\u0141O\u015a POJAZD - Centralna ewidencja pojazd\u00f3w i kierowc\u00f3w zad\u0142u\u017conych<\/title>\n<meta name=\"robots\" content=\"index, follow, max-snippet:-1, max-image-preview:large, max-video-preview:-1\" \/>\n<link rel=\"canonical\" href=\"https:\/\/www.cepikz.pl\/index.php\/zglos-pojazd\/\" \/>\n<meta property=\"og:locale\" content=\"pl_PL\" \/>\n<meta property=\"og:type\" content=\"article\" \/>\n<meta property=\"og:title\" content=\"ZG\u0141O\u015a POJAZD - Centralna ewidencja pojazd\u00f3w i kierowc\u00f3w zad\u0142u\u017conych\" \/>\n<meta property=\"og:description\" content=\"ZG\u0141O\u015a POJAZD &#8211; dodaj pojazd, z\u0142\u00f3\u017c wniosek, twoje zg\u0142oszenie pozostanie anonimowe, a my po wst\u0119pnej analizie poprosimy ci\u0119 o wp\u0142at\u0119 w wysoko\u015bci 100 PLN (burtto) *w przypadku braku mo\u017cliwo\u015bci dodania pojazdu po przeprowadzonej analizie op\u0142ata zostanie zwr\u00f3cona. \u00a0 Pojazd zostanie udost\u0119pniony w naszej bazie i po wpisaniu numeru rejestracyjnego uka\u017ce si\u0119 status danego pojazdu, ci\u0105\u017c\u0105cych [&hellip;]\" \/>\n<meta property=\"og:url\" content=\"https:\/\/www.cepikz.pl\/index.php\/zglos-pojazd\/\" \/>\n<meta property=\"og:site_name\" content=\"CEPIKZ\" \/>\n<meta property=\"article:modified_time\" content=\"2024-07-24T06:12:43+00:00\" \/>\n<meta name=\"twitter:card\" content=\"summary_large_image\" \/>\n<meta name=\"twitter:label1\" content=\"Szacowany czas czytania\" \/>\n\t<meta name=\"twitter:data1\" content=\"1 minuta\" \/>\n<script type=\"application\/ld+json\" class=\"yoast-schema-graph\">{\"@context\":\"https:\/\/schema.org\",\"@graph\":[{\"@type\":\"WebPage\",\"@id\":\"https:\/\/www.cepikz.pl\/index.php\/zglos-pojazd\/\",\"url\":\"https:\/\/www.cepikz.pl\/index.php\/zglos-pojazd\/\",\"name\":\"ZG\u0141O\u015a POJAZD - Centralna ewidencja pojazd\u00f3w i kierowc\u00f3w zad\u0142u\u017conych\",\"isPartOf\":{\"@id\":\"https:\/\/www.cepikz.pl\/#website\"},\"datePublished\":\"2024-04-03T14:52:31+00:00\",\"dateModified\":\"2024-07-24T06:12:43+00:00\",\"breadcrumb\":{\"@id\":\"https:\/\/www.cepikz.pl\/index.php\/zglos-pojazd\/#breadcrumb\"},\"inLanguage\":\"pl-PL\",\"potentialAction\":[{\"@type\":\"ReadAction\",\"target\":[\"https:\/\/www.cepikz.pl\/index.php\/zglos-pojazd\/\"]}]},{\"@type\":\"BreadcrumbList\",\"@id\":\"https:\/\/www.cepikz.pl\/index.php\/zglos-pojazd\/#breadcrumb\",\"itemListElement\":[{\"@type\":\"ListItem\",\"position\":1,\"name\":\"Home\",\"item\":\"https:\/\/www.cepikz.pl\/\"},{\"@type\":\"ListItem\",\"position\":2,\"name\":\"ZG\u0141O\u015a POJAZD\"}]},{\"@type\":\"WebSite\",\"@id\":\"https:\/\/www.cepikz.pl\/#website\",\"url\":\"https:\/\/www.cepikz.pl\/\",\"name\":\"CEPIKZ\",\"description\":\"\",\"potentialAction\":[{\"@type\":\"SearchAction\",\"target\":{\"@type\":\"EntryPoint\",\"urlTemplate\":\"https:\/\/www.cepikz.pl\/?s={search_term_string}\"},\"query-input\":{\"@type\":\"PropertyValueSpecification\",\"valueRequired\":true,\"valueName\":\"search_term_string\"}}],\"inLanguage\":\"pl-PL\"}]}<\/script>\n<!-- \/ Yoast SEO plugin. -->","yoast_head_json":{"title":"ZG\u0141O\u015a POJAZD - Centralna ewidencja pojazd\u00f3w i kierowc\u00f3w zad\u0142u\u017conych","robots":{"index":"index","follow":"follow","max-snippet":"max-snippet:-1","max-image-preview":"max-image-preview:large","max-video-preview":"max-video-preview:-1"},"canonical":"https:\/\/www.cepikz.pl\/index.php\/zglos-pojazd\/","og_locale":"pl_PL","og_type":"article","og_title":"ZG\u0141O\u015a POJAZD - Centralna ewidencja pojazd\u00f3w i kierowc\u00f3w zad\u0142u\u017conych","og_description":"ZG\u0141O\u015a POJAZD &#8211; dodaj pojazd, z\u0142\u00f3\u017c wniosek, twoje zg\u0142oszenie pozostanie anonimowe, a my po wst\u0119pnej analizie poprosimy ci\u0119 o wp\u0142at\u0119 w wysoko\u015bci 100 PLN (burtto) *w przypadku braku mo\u017cliwo\u015bci dodania pojazdu po przeprowadzonej analizie op\u0142ata zostanie zwr\u00f3cona. \u00a0 Pojazd zostanie udost\u0119pniony w naszej bazie i po wpisaniu numeru rejestracyjnego uka\u017ce si\u0119 status danego pojazdu, ci\u0105\u017c\u0105cych [&hellip;]","og_url":"https:\/\/www.cepikz.pl\/index.php\/zglos-pojazd\/","og_site_name":"CEPIKZ","article_modified_time":"2024-07-24T06:12:43+00:00","twitter_card":"summary_large_image","twitter_misc":{"Szacowany czas czytania":"1 minuta"},"schema":{"@context":"https:\/\/schema.org","@graph":[{"@type":"WebPage","@id":"https:\/\/www.cepikz.pl\/index.php\/zglos-pojazd\/","url":"https:\/\/www.cepikz.pl\/index.php\/zglos-pojazd\/","name":"ZG\u0141O\u015a POJAZD - Centralna ewidencja pojazd\u00f3w i kierowc\u00f3w zad\u0142u\u017conych","isPartOf":{"@id":"https:\/\/www.cepikz.pl\/#website"},"datePublished":"2024-04-03T14:52:31+00:00","dateModified":"2024-07-24T06:12:43+00:00","breadcrumb":{"@id":"https:\/\/www.cepikz.pl\/index.php\/zglos-pojazd\/#breadcrumb"},"inLanguage":"pl-PL","potentialAction":[{"@type":"ReadAction","target":["https:\/\/www.cepikz.pl\/index.php\/zglos-pojazd\/"]}]},{"@type":"BreadcrumbList","@id":"https:\/\/www.cepikz.pl\/index.php\/zglos-pojazd\/#breadcrumb","itemListElement":[{"@type":"ListItem","position":1,"name":"Home","item":"https:\/\/www.cepikz.pl\/"},{"@type":"ListItem","position":2,"name":"ZG\u0141O\u015a POJAZD"}]},{"@type":"WebSite","@id":"https:\/\/www.cepikz.pl\/#website","url":"https:\/\/www.cepikz.pl\/","name":"CEPIKZ","description":"","potentialAction":[{"@type":"SearchAction","target":{"@type":"EntryPoint","urlTemplate":"https:\/\/www.cepikz.pl\/?s={search_term_string}"},"query-input":{"@type":"PropertyValueSpecification","valueRequired":true,"valueName":"search_term_string"}}],"inLanguage":"pl-PL"}]}},"_links":{"self":[{"href":"https:\/\/www.cepikz.pl\/index.php\/wp-json\/wp\/v2\/pages\/95"}],"collection":[{"href":"https:\/\/www.cepikz.pl\/index.php\/wp-json\/wp\/v2\/pages"}],"about":[{"href":"https:\/\/www.cepikz.pl\/index.php\/wp-json\/wp\/v2\/types\/page"}],"author":[{"embeddable":true,"href":"https:\/\/www.cepikz.pl\/index.php\/wp-json\/wp\/v2\/users\/1"}],"replies":[{"embeddable":true,"href":"https:\/\/www.cepikz.pl\/index.php\/wp-json\/wp\/v2\/comments?post=95"}],"version-history":[{"count":14,"href":"https:\/\/www.cepikz.pl\/index.php\/wp-json\/wp\/v2\/pages\/95\/revisions"}],"predecessor-version":[{"id":364,"href":"https:\/\/www.cepikz.pl\/index.php\/wp-json\/wp\/v2\/pages\/95\/revisions\/364"}],"wp:attachment":[{"href":"https:\/\/www.cepikz.pl\/index.php\/wp-json\/wp\/v2\/media?parent=95"}],"curies":[{"name":"wp","href":"https:\/\/api.w.org\/{rel}","templated":true}]}}