{"id":88,"date":"2024-04-03T14:49:49","date_gmt":"2024-04-03T14:49:49","guid":{"rendered":"https:\/\/www.cepikz.pl\/?page_id=88"},"modified":"2024-07-24T05:56:51","modified_gmt":"2024-07-24T05:56:51","slug":"cepikz","status":"publish","type":"page","link":"https:\/\/www.cepikz.pl\/index.php\/cepikz\/","title":{"rendered":"CEPiKZ"},"content":{"rendered":"\t\t<div data-elementor-type=\"wp-page\" data-elementor-id=\"88\" class=\"elementor elementor-88\" data-elementor-post-type=\"page\">\n\t\t\t\t<div class=\"elementor-element elementor-element-70f9349 e-con-full e-flex e-con e-parent\" data-id=\"70f9349\" data-element_type=\"container\">\n\t\t\t\t<div class=\"elementor-element elementor-element-087770a elementor-widget elementor-widget-text-editor\" data-id=\"087770a\" data-element_type=\"widget\" data-widget_type=\"text-editor.default\">\n\t\t\t\t<div class=\"elementor-widget-container\">\n\t\t\t\t\t\t\t\t\t<ol>\n<li>CEPiKZ to CENTRALNA EWIDENCJA POJAZD\u00d3W i KIEROWC\u00d3W ZAD\u0141U\u017bONYCH strona informacyjna stworzona zosta\u0142a dla potrzeb grupy franczyzowej, nale\u017c\u0105cej do sp\u00f3\u0142ki Prawne Rozwi\u0105zania Parkingowe z siedzib\u0105 w Katowicach oraz dla Urz\u0119d\u00f3w, Komornik\u00f3w i innych instytucji w tym administracji pa\u0144stwowych, bankowych, leasingowych oraz wierzycieli posiadaj\u0105cych tytu\u0142 wykonawczy wobec d\u0142u\u017cnika.<\/li>\n<\/ol>\n<p><br><\/p><p>POJAZDY ZNAJDUJ\u0104CE SI\u0118 NA TEJ LI\u015aCIE MOG\u0104 ZOSTA\u0106 ODHOLOWANE i PRZETRZYMANE DO CZASU PRZYS\u0141UGUJ\u0104CYCH NAM ROSZCZE\u0143.<\/p>\n<p><\/p>\n<p>W bazie CEPiKZ.PL znajdziemy po numerze rejestracyjnym pojazdy, kt\u00f3re parkowa\u0142y w spos\u00f3b nielegalny, niezgodny z oznakowaniem czy regulaminem parkowania oraz w strefach p\u0142atnego parkowania, za kt\u00f3re kierowcy nie dokonali p\u0142atno\u015bci w zakre\u015blonym terminie, oraz pojazdy, kt\u00f3re posiadaj\u0105 zaj\u0119cia komornicze, czy te\u017c nosz\u0105 status do odholowania i s\u0105 poszukiwane przez nasz\u0105 sekcj\u0119 zewn\u0119trzn\u0105 o nazwie Departament Zarz\u0105dzania Ruchomo\u015bciami.<\/p>\t\t\t\t\t\t\t\t<\/div>\n\t\t\t\t<\/div>\n\t\t\t\t<\/div>\n\t\t\t\t<\/div>\n\t\t","protected":false},"excerpt":{"rendered":"<p>CEPiKZ to CENTRALNA EWIDENCJA POJAZD\u00d3W i KIEROWC\u00d3W ZAD\u0141U\u017bONYCH strona informacyjna stworzona zosta\u0142a dla potrzeb grupy franczyzowej, nale\u017c\u0105cej do sp\u00f3\u0142ki Prawne Rozwi\u0105zania Parkingowe z siedzib\u0105 w Katowicach oraz dla Urz\u0119d\u00f3w, Komornik\u00f3w i innych instytucji w tym administracji pa\u0144stwowych, bankowych, leasingowych oraz wierzycieli posiadaj\u0105cych tytu\u0142 wykonawczy wobec d\u0142u\u017cnika. POJAZDY ZNAJDUJ\u0104CE SI\u0118 NA TEJ LI\u015aCIE MOG\u0104 ZOSTA\u0106 ODHOLOWANE [&hellip;]<\/p>\n","protected":false},"author":1,"featured_media":0,"parent":0,"menu_order":0,"comment_status":"closed","ping_status":"closed","template":"elementor_header_footer","meta":{"_et_pb_use_builder":"","_et_pb_old_content":"","_et_gb_content_width":"1920","footnotes":""},"class_list":["post-88","page","type-page","status-publish","hentry"],"yoast_head":"<!-- This site is optimized with the Yoast SEO plugin v25.6 - https:\/\/yoast.com\/wordpress\/plugins\/seo\/ -->\n<title>CEPIKZ - Centralna ewidencja pojazd\u00f3w i kierowc\u00f3w zad\u0142u\u017conych<\/title>\n<meta name=\"robots\" content=\"index, follow, max-snippet:-1, max-image-preview:large, max-video-preview:-1\" \/>\n<link rel=\"canonical\" href=\"https:\/\/www.cepikz.pl\/index.php\/cepikz\/\" \/>\n<meta property=\"og:locale\" content=\"pl_PL\" \/>\n<meta property=\"og:type\" content=\"article\" \/>\n<meta property=\"og:title\" content=\"CEPIKZ - Centralna ewidencja pojazd\u00f3w i kierowc\u00f3w zad\u0142u\u017conych\" \/>\n<meta property=\"og:description\" content=\"CEPiKZ to CENTRALNA EWIDENCJA POJAZD\u00d3W i KIEROWC\u00d3W ZAD\u0141U\u017bONYCH strona informacyjna stworzona zosta\u0142a dla potrzeb grupy franczyzowej, nale\u017c\u0105cej do sp\u00f3\u0142ki Prawne Rozwi\u0105zania Parkingowe z siedzib\u0105 w Katowicach oraz dla Urz\u0119d\u00f3w, Komornik\u00f3w i innych instytucji w tym administracji pa\u0144stwowych, bankowych, leasingowych oraz wierzycieli posiadaj\u0105cych tytu\u0142 wykonawczy wobec d\u0142u\u017cnika. POJAZDY ZNAJDUJ\u0104CE SI\u0118 NA TEJ LI\u015aCIE MOG\u0104 ZOSTA\u0106 ODHOLOWANE [&hellip;]\" \/>\n<meta property=\"og:url\" content=\"https:\/\/www.cepikz.pl\/index.php\/cepikz\/\" \/>\n<meta property=\"og:site_name\" content=\"CEPIKZ\" \/>\n<meta property=\"article:modified_time\" content=\"2024-07-24T05:56:51+00:00\" \/>\n<meta name=\"twitter:card\" content=\"summary_large_image\" \/>\n<meta name=\"twitter:label1\" content=\"Szacowany czas czytania\" \/>\n\t<meta name=\"twitter:data1\" content=\"1 minuta\" \/>\n<script type=\"application\/ld+json\" class=\"yoast-schema-graph\">{\"@context\":\"https:\/\/schema.org\",\"@graph\":[{\"@type\":\"WebPage\",\"@id\":\"https:\/\/www.cepikz.pl\/index.php\/cepikz\/\",\"url\":\"https:\/\/www.cepikz.pl\/index.php\/cepikz\/\",\"name\":\"CEPIKZ - Centralna ewidencja pojazd\u00f3w i kierowc\u00f3w zad\u0142u\u017conych\",\"isPartOf\":{\"@id\":\"https:\/\/www.cepikz.pl\/#website\"},\"datePublished\":\"2024-04-03T14:49:49+00:00\",\"dateModified\":\"2024-07-24T05:56:51+00:00\",\"breadcrumb\":{\"@id\":\"https:\/\/www.cepikz.pl\/index.php\/cepikz\/#breadcrumb\"},\"inLanguage\":\"pl-PL\",\"potentialAction\":[{\"@type\":\"ReadAction\",\"target\":[\"https:\/\/www.cepikz.pl\/index.php\/cepikz\/\"]}]},{\"@type\":\"BreadcrumbList\",\"@id\":\"https:\/\/www.cepikz.pl\/index.php\/cepikz\/#breadcrumb\",\"itemListElement\":[{\"@type\":\"ListItem\",\"position\":1,\"name\":\"Home\",\"item\":\"https:\/\/www.cepikz.pl\/\"},{\"@type\":\"ListItem\",\"position\":2,\"name\":\"CEPiKZ\"}]},{\"@type\":\"WebSite\",\"@id\":\"https:\/\/www.cepikz.pl\/#website\",\"url\":\"https:\/\/www.cepikz.pl\/\",\"name\":\"CEPIKZ\",\"description\":\"\",\"potentialAction\":[{\"@type\":\"SearchAction\",\"target\":{\"@type\":\"EntryPoint\",\"urlTemplate\":\"https:\/\/www.cepikz.pl\/?s={search_term_string}\"},\"query-input\":{\"@type\":\"PropertyValueSpecification\",\"valueRequired\":true,\"valueName\":\"search_term_string\"}}],\"inLanguage\":\"pl-PL\"}]}<\/script>\n<!-- \/ Yoast SEO plugin. -->","yoast_head_json":{"title":"CEPIKZ - Centralna ewidencja pojazd\u00f3w i kierowc\u00f3w zad\u0142u\u017conych","robots":{"index":"index","follow":"follow","max-snippet":"max-snippet:-1","max-image-preview":"max-image-preview:large","max-video-preview":"max-video-preview:-1"},"canonical":"https:\/\/www.cepikz.pl\/index.php\/cepikz\/","og_locale":"pl_PL","og_type":"article","og_title":"CEPIKZ - Centralna ewidencja pojazd\u00f3w i kierowc\u00f3w zad\u0142u\u017conych","og_description":"CEPiKZ to CENTRALNA EWIDENCJA POJAZD\u00d3W i KIEROWC\u00d3W ZAD\u0141U\u017bONYCH strona informacyjna stworzona zosta\u0142a dla potrzeb grupy franczyzowej, nale\u017c\u0105cej do sp\u00f3\u0142ki Prawne Rozwi\u0105zania Parkingowe z siedzib\u0105 w Katowicach oraz dla Urz\u0119d\u00f3w, Komornik\u00f3w i innych instytucji w tym administracji pa\u0144stwowych, bankowych, leasingowych oraz wierzycieli posiadaj\u0105cych tytu\u0142 wykonawczy wobec d\u0142u\u017cnika. POJAZDY ZNAJDUJ\u0104CE SI\u0118 NA TEJ LI\u015aCIE MOG\u0104 ZOSTA\u0106 ODHOLOWANE [&hellip;]","og_url":"https:\/\/www.cepikz.pl\/index.php\/cepikz\/","og_site_name":"CEPIKZ","article_modified_time":"2024-07-24T05:56:51+00:00","twitter_card":"summary_large_image","twitter_misc":{"Szacowany czas czytania":"1 minuta"},"schema":{"@context":"https:\/\/schema.org","@graph":[{"@type":"WebPage","@id":"https:\/\/www.cepikz.pl\/index.php\/cepikz\/","url":"https:\/\/www.cepikz.pl\/index.php\/cepikz\/","name":"CEPIKZ - Centralna ewidencja pojazd\u00f3w i kierowc\u00f3w zad\u0142u\u017conych","isPartOf":{"@id":"https:\/\/www.cepikz.pl\/#website"},"datePublished":"2024-04-03T14:49:49+00:00","dateModified":"2024-07-24T05:56:51+00:00","breadcrumb":{"@id":"https:\/\/www.cepikz.pl\/index.php\/cepikz\/#breadcrumb"},"inLanguage":"pl-PL","potentialAction":[{"@type":"ReadAction","target":["https:\/\/www.cepikz.pl\/index.php\/cepikz\/"]}]},{"@type":"BreadcrumbList","@id":"https:\/\/www.cepikz.pl\/index.php\/cepikz\/#breadcrumb","itemListElement":[{"@type":"ListItem","position":1,"name":"Home","item":"https:\/\/www.cepikz.pl\/"},{"@type":"ListItem","position":2,"name":"CEPiKZ"}]},{"@type":"WebSite","@id":"https:\/\/www.cepikz.pl\/#website","url":"https:\/\/www.cepikz.pl\/","name":"CEPIKZ","description":"","potentialAction":[{"@type":"SearchAction","target":{"@type":"EntryPoint","urlTemplate":"https:\/\/www.cepikz.pl\/?s={search_term_string}"},"query-input":{"@type":"PropertyValueSpecification","valueRequired":true,"valueName":"search_term_string"}}],"inLanguage":"pl-PL"}]}},"_links":{"self":[{"href":"https:\/\/www.cepikz.pl\/index.php\/wp-json\/wp\/v2\/pages\/88"}],"collection":[{"href":"https:\/\/www.cepikz.pl\/index.php\/wp-json\/wp\/v2\/pages"}],"about":[{"href":"https:\/\/www.cepikz.pl\/index.php\/wp-json\/wp\/v2\/types\/page"}],"author":[{"embeddable":true,"href":"https:\/\/www.cepikz.pl\/index.php\/wp-json\/wp\/v2\/users\/1"}],"replies":[{"embeddable":true,"href":"https:\/\/www.cepikz.pl\/index.php\/wp-json\/wp\/v2\/comments?post=88"}],"version-history":[{"count":23,"href":"https:\/\/www.cepikz.pl\/index.php\/wp-json\/wp\/v2\/pages\/88\/revisions"}],"predecessor-version":[{"id":344,"href":"https:\/\/www.cepikz.pl\/index.php\/wp-json\/wp\/v2\/pages\/88\/revisions\/344"}],"wp:attachment":[{"href":"https:\/\/www.cepikz.pl\/index.php\/wp-json\/wp\/v2\/media?parent=88"}],"curies":[{"name":"wp","href":"https:\/\/api.w.org\/{rel}","templated":true}]}}