{"id":52,"date":"2024-03-20T11:56:48","date_gmt":"2024-03-20T11:56:48","guid":{"rendered":"https:\/\/www.cepikz.pl\/?page_id=52"},"modified":"2024-07-24T06:11:53","modified_gmt":"2024-07-24T06:11:53","slug":"home","status":"publish","type":"page","link":"https:\/\/www.cepikz.pl\/","title":{"rendered":"Home"},"content":{"rendered":"\t\t<div data-elementor-type=\"wp-page\" data-elementor-id=\"52\" class=\"elementor elementor-52\" data-elementor-post-type=\"page\">\n\t\t\t\t<div class=\"elementor-element elementor-element-83d48c0 e-con-full e-flex e-con e-parent\" data-id=\"83d48c0\" data-element_type=\"container\">\n\t\t\t\t<div class=\"elementor-element elementor-element-86965ec elementor--h-position-right elementor--v-position-top elementor-arrows-position-inside elementor-pagination-position-inside elementor-widget elementor-widget-slides\" data-id=\"86965ec\" data-element_type=\"widget\" data-settings=\"{&quot;navigation&quot;:&quot;both&quot;,&quot;autoplay&quot;:&quot;yes&quot;,&quot;pause_on_hover&quot;:&quot;yes&quot;,&quot;pause_on_interaction&quot;:&quot;yes&quot;,&quot;autoplay_speed&quot;:5000,&quot;infinite&quot;:&quot;yes&quot;,&quot;transition&quot;:&quot;slide&quot;,&quot;transition_speed&quot;:500}\" data-widget_type=\"slides.default\">\n\t\t\t\t<div class=\"elementor-widget-container\">\n\t\t\t\t\t\t\t<div class=\"elementor-swiper\">\n\t\t\t<div class=\"elementor-slides-wrapper elementor-main-swiper swiper-container\" dir=\"ltr\" data-animation=\"fadeInUp\">\n\t\t\t\t<div class=\"swiper-wrapper elementor-slides\">\n\t\t\t\t\t\t\t\t\t\t<div class=\"elementor-repeater-item-8a8202f swiper-slide\"><div class=\"swiper-slide-bg\" role=\"img\"><\/div><a class=\"swiper-slide-inner\" href=\"https:\/\/www.cepikz.pl\/index.php\/produkt\/zglos-pojazd\/\"><div class=\"swiper-slide-contents\"><div  class=\"elementor-button elementor-slide-button elementor-size-md\">ZG\u0141O\u015a POJAZD<\/div><\/div><\/a><\/div>\t\t\t\t<\/div>\n\t\t\t\t\t\t\t<\/div>\n\t\t<\/div>\n\t\t\t\t\t\t<\/div>\n\t\t\t\t<\/div>\n\t\t\t\t<\/div>\n\t\t<div class=\"elementor-element elementor-element-91e61a0 e-con-full e-flex e-con e-parent\" data-id=\"91e61a0\" data-element_type=\"container\">\n\t\t\t\t<div class=\"elementor-element elementor-element-652786d elementor-search-form--button-type-text elementor-search-form--skin-classic elementor-widget elementor-widget-search-form\" data-id=\"652786d\" data-element_type=\"widget\" data-settings=\"{&quot;skin&quot;:&quot;classic&quot;}\" data-widget_type=\"search-form.default\">\n\t\t\t\t<div class=\"elementor-widget-container\">\n\t\t\t\t\t\t\t<search role=\"search\">\n\t\t\t<form class=\"elementor-search-form\" action=\"https:\/\/www.cepikz.pl\" method=\"get\">\n\t\t\t\t\t\t\t\t\t\t\t\t<div class=\"elementor-search-form__container\">\n\t\t\t\t\t<label class=\"elementor-screen-only\" for=\"elementor-search-form-652786d\">Search<\/label>\n\n\t\t\t\t\t\n\t\t\t\t\t<input id=\"elementor-search-form-652786d\" placeholder=\"Wyszukaj...\" class=\"elementor-search-form__input\" type=\"search\" name=\"s\" value=\"\">\n\t\t\t\t\t\n\t\t\t\t\t\t\t\t\t\t\t<button class=\"elementor-search-form__submit\" type=\"submit\" aria-label=\"Search\">\n\t\t\t\t\t\t\t\t\t\t\t\t\t\t\t\u2190 Sprawd\u017a nr rejestracyjny\t\t\t\t\t\t\t\t\t\t\t\t\t<\/button>\n\t\t\t\t\t\n\t\t\t\t\t\t\t\t\t<\/div>\n\t\t\t<\/form>\n\t\t<\/search>\n\t\t\t\t\t\t<\/div>\n\t\t\t\t<\/div>\n\t\t\t\t<\/div>\n\t\t<div class=\"elementor-element elementor-element-c0d6717 e-con-full e-flex e-con e-parent\" data-id=\"c0d6717\" data-element_type=\"container\">\n\t\t<div class=\"elementor-element elementor-element-b089285 e-con-full e-flex e-con e-child\" data-id=\"b089285\" data-element_type=\"container\">\n\t\t\t\t<div class=\"elementor-element elementor-element-74ddfbe elementor--h-position-center elementor--v-position-middle elementor-arrows-position-inside elementor-pagination-position-inside elementor-widget elementor-widget-slides\" data-id=\"74ddfbe\" data-element_type=\"widget\" data-settings=\"{&quot;navigation&quot;:&quot;both&quot;,&quot;autoplay&quot;:&quot;yes&quot;,&quot;pause_on_hover&quot;:&quot;yes&quot;,&quot;pause_on_interaction&quot;:&quot;yes&quot;,&quot;autoplay_speed&quot;:5000,&quot;infinite&quot;:&quot;yes&quot;,&quot;transition&quot;:&quot;slide&quot;,&quot;transition_speed&quot;:500}\" data-widget_type=\"slides.default\">\n\t\t\t\t<div class=\"elementor-widget-container\">\n\t\t\t\t\t\t\t<div class=\"elementor-swiper\">\n\t\t\t<div class=\"elementor-slides-wrapper elementor-main-swiper swiper-container\" dir=\"ltr\" data-animation=\"fadeInUp\">\n\t\t\t\t<div class=\"swiper-wrapper elementor-slides\">\n\t\t\t\t\t\t\t\t\t\t<div class=\"elementor-repeater-item-dd59912 swiper-slide\"><div class=\"swiper-slide-bg\" role=\"img\"><\/div><a class=\"swiper-slide-inner\" href=\"https:\/\/www.cepikz.pl\/index.php\/cepikz\/\"><div class=\"swiper-slide-contents\"><div class=\"elementor-slide-heading\">CEPIKZ<\/div><div class=\"elementor-slide-description\">CENTRALNA EWIDENCJA POJAZD\u00d3W i KIEROWC\u00d3W ZAD\u0141U\u017bONYCH <\/div><div  class=\"elementor-button elementor-slide-button elementor-size-sm\">WI\u0118CEJ<\/div><\/div><\/a><\/div>\t\t\t\t<\/div>\n\t\t\t\t\t\t\t<\/div>\n\t\t<\/div>\n\t\t\t\t\t\t<\/div>\n\t\t\t\t<\/div>\n\t\t\t\t<\/div>\n\t\t<div class=\"elementor-element elementor-element-2b9514b e-con-full e-flex e-con e-child\" data-id=\"2b9514b\" data-element_type=\"container\">\n\t\t\t\t<div class=\"elementor-element elementor-element-0dd9138 elementor--h-position-center elementor--v-position-middle elementor-arrows-position-inside elementor-pagination-position-inside elementor-widget elementor-widget-slides\" data-id=\"0dd9138\" data-element_type=\"widget\" data-settings=\"{&quot;navigation&quot;:&quot;both&quot;,&quot;autoplay&quot;:&quot;yes&quot;,&quot;pause_on_hover&quot;:&quot;yes&quot;,&quot;pause_on_interaction&quot;:&quot;yes&quot;,&quot;autoplay_speed&quot;:5000,&quot;infinite&quot;:&quot;yes&quot;,&quot;transition&quot;:&quot;slide&quot;,&quot;transition_speed&quot;:500}\" data-widget_type=\"slides.default\">\n\t\t\t\t<div class=\"elementor-widget-container\">\n\t\t\t\t\t\t\t<div class=\"elementor-swiper\">\n\t\t\t<div class=\"elementor-slides-wrapper elementor-main-swiper swiper-container\" dir=\"ltr\" data-animation=\"fadeInUp\">\n\t\t\t\t<div class=\"swiper-wrapper elementor-slides\">\n\t\t\t\t\t\t\t\t\t\t<div class=\"elementor-repeater-item-7aedeb3 swiper-slide\"><div class=\"swiper-slide-bg\" role=\"img\"><\/div><a class=\"swiper-slide-inner\" href=\"https:\/\/www.cepikz.pl\/index.php\/oferta\/\"><div class=\"swiper-slide-contents\"><div class=\"elementor-slide-heading\">OFERTA<\/div><div  class=\"elementor-button elementor-slide-button elementor-size-sm\">WI\u0118CEJ<\/div><\/div><\/a><\/div>\t\t\t\t<\/div>\n\t\t\t\t\t\t\t<\/div>\n\t\t<\/div>\n\t\t\t\t\t\t<\/div>\n\t\t\t\t<\/div>\n\t\t\t\t<\/div>\n\t\t<div class=\"elementor-element elementor-element-50ac879 e-con-full e-flex e-con e-child\" data-id=\"50ac879\" data-element_type=\"container\">\n\t\t\t\t<div class=\"elementor-element elementor-element-166e9a0 elementor--h-position-right elementor--v-position-middle elementor-arrows-position-inside elementor-pagination-position-inside elementor-widget elementor-widget-slides\" data-id=\"166e9a0\" data-element_type=\"widget\" data-settings=\"{&quot;navigation&quot;:&quot;both&quot;,&quot;autoplay&quot;:&quot;yes&quot;,&quot;pause_on_hover&quot;:&quot;yes&quot;,&quot;pause_on_interaction&quot;:&quot;yes&quot;,&quot;autoplay_speed&quot;:5000,&quot;infinite&quot;:&quot;yes&quot;,&quot;transition&quot;:&quot;slide&quot;,&quot;transition_speed&quot;:500}\" data-widget_type=\"slides.default\">\n\t\t\t\t<div class=\"elementor-widget-container\">\n\t\t\t\t\t\t\t<div class=\"elementor-swiper\">\n\t\t\t<div class=\"elementor-slides-wrapper elementor-main-swiper swiper-container\" dir=\"ltr\" data-animation=\"fadeInUp\">\n\t\t\t\t<div class=\"swiper-wrapper elementor-slides\">\n\t\t\t\t\t\t\t\t\t\t<div class=\"elementor-repeater-item-2c97650 swiper-slide\"><div class=\"swiper-slide-bg\" role=\"img\"><\/div><a class=\"swiper-slide-inner\" href=\"https:\/\/www.cepikz.pl\/index.php\/motywacja\/\"><div class=\"swiper-slide-contents\"><div class=\"elementor-slide-heading\">MOTYWACJA<\/div><div  class=\"elementor-button elementor-slide-button elementor-size-sm\">WI\u0118CEJ<\/div><\/div><\/a><\/div>\t\t\t\t<\/div>\n\t\t\t\t\t\t\t<\/div>\n\t\t<\/div>\n\t\t\t\t\t\t<\/div>\n\t\t\t\t<\/div>\n\t\t\t\t<\/div>\n\t\t<div class=\"elementor-element elementor-element-e2a2173 e-con-full e-flex e-con e-child\" data-id=\"e2a2173\" data-element_type=\"container\">\n\t\t\t\t<div class=\"elementor-element elementor-element-9d8a3aa elementor--v-position-bottom elementor--h-position-center elementor-arrows-position-inside elementor-pagination-position-inside elementor-widget elementor-widget-slides\" data-id=\"9d8a3aa\" data-element_type=\"widget\" data-settings=\"{&quot;navigation&quot;:&quot;both&quot;,&quot;autoplay&quot;:&quot;yes&quot;,&quot;pause_on_hover&quot;:&quot;yes&quot;,&quot;pause_on_interaction&quot;:&quot;yes&quot;,&quot;autoplay_speed&quot;:5000,&quot;infinite&quot;:&quot;yes&quot;,&quot;transition&quot;:&quot;slide&quot;,&quot;transition_speed&quot;:500}\" data-widget_type=\"slides.default\">\n\t\t\t\t<div class=\"elementor-widget-container\">\n\t\t\t\t\t\t\t<div class=\"elementor-swiper\">\n\t\t\t<div class=\"elementor-slides-wrapper elementor-main-swiper swiper-container\" dir=\"ltr\" data-animation=\"fadeInUp\">\n\t\t\t\t<div class=\"swiper-wrapper elementor-slides\">\n\t\t\t\t\t\t\t\t\t\t<div class=\"elementor-repeater-item-379c8ce swiper-slide\"><div class=\"swiper-slide-bg\" role=\"img\"><\/div><a class=\"swiper-slide-inner\" href=\"https:\/\/www.cepikz.pl\/index.php\/faq-rodo-i-prawo\/\"><div class=\"swiper-slide-contents\"><div  class=\"elementor-button elementor-slide-button elementor-size-sm\">WI\u0118CEJ<\/div><\/div><\/a><\/div>\t\t\t\t<\/div>\n\t\t\t\t\t\t\t<\/div>\n\t\t<\/div>\n\t\t\t\t\t\t<\/div>\n\t\t\t\t<\/div>\n\t\t\t\t<\/div>\n\t\t\t\t<\/div>\n\t\t<div class=\"elementor-element elementor-element-c8704c4 e-flex e-con-boxed e-con e-parent\" data-id=\"c8704c4\" data-element_type=\"container\">\n\t\t\t\t\t<div class=\"e-con-inner\">\n\t\t\t\t<div class=\"elementor-element elementor-element-eb58fb5 elementor-widget-divider--view-line elementor-widget elementor-widget-divider\" data-id=\"eb58fb5\" data-element_type=\"widget\" data-widget_type=\"divider.default\">\n\t\t\t\t<div class=\"elementor-widget-container\">\n\t\t\t\t\t\t\t<div class=\"elementor-divider\">\n\t\t\t<span class=\"elementor-divider-separator\">\n\t\t\t\t\t\t<\/span>\n\t\t<\/div>\n\t\t\t\t\t\t<\/div>\n\t\t\t\t<\/div>\n\t\t\t\t\t<\/div>\n\t\t\t\t<\/div>\n\t\t<div class=\"elementor-element elementor-element-3e43f91 e-con-full e-flex e-con e-parent\" data-id=\"3e43f91\" data-element_type=\"container\">\n\t\t\t\t<div class=\"elementor-element elementor-element-af9db1d elementor-widget elementor-widget-text-editor\" data-id=\"af9db1d\" data-element_type=\"widget\" data-widget_type=\"text-editor.default\">\n\t\t\t\t<div class=\"elementor-widget-container\">\n\t\t\t\t\t\t\t\t\t<p>Wszelkie tre\u015bci zamieszczone na stronie sp\u00f3\u0142ki Prawne Rozwi\u0105zania Parkingowe (teksty, komentarze, zdj\u0119cia, u\u017cywanie naszych skr\u00f3t\u00f3w czy nazw itp.) podlegaj\u0105 ochronie prawnej na podstawie przepis\u00f3w ustawy z dnia 4 lutego 1994 r. o prawie autorskim i prawach pokrewnych (tekst jednolity z 2006 r., Dz.U. nr 90, poz. 631 z p\u00f3\u017an. zm.). Bez zgody administratora strony, zabronione jest m.in. powielanie tre\u015bci, ich kopiowanie, przedruk, przechowywanie i przetwarzanie z zastosowaniem jakichkolwiek \u015brodk\u00f3w elektronicznych, zar\u00f3wno w ca\u0142o\u015bci, jak i w cz\u0119\u015bci. Zabronione jest dalsze rozpowszechnianie, o kt\u00f3rym mowa w art. 25 ust. 1 pkt b ustawy z dnia 4 lutego 1994 r. o prawie autorskim i prawach pokrewnych.<\/p>\t\t\t\t\t\t\t\t<\/div>\n\t\t\t\t<\/div>\n\t\t\t\t<\/div>\n\t\t<div class=\"elementor-element elementor-element-c0fc552 e-flex e-con-boxed e-con e-parent\" data-id=\"c0fc552\" data-element_type=\"container\">\n\t\t\t\t\t<div class=\"e-con-inner\">\n\t\t\t\t<div class=\"elementor-element elementor-element-9dfd4a0 elementor-widget-divider--view-line elementor-widget elementor-widget-divider\" data-id=\"9dfd4a0\" data-element_type=\"widget\" data-widget_type=\"divider.default\">\n\t\t\t\t<div class=\"elementor-widget-container\">\n\t\t\t\t\t\t\t<div class=\"elementor-divider\">\n\t\t\t<span class=\"elementor-divider-separator\">\n\t\t\t\t\t\t<\/span>\n\t\t<\/div>\n\t\t\t\t\t\t<\/div>\n\t\t\t\t<\/div>\n\t\t\t\t\t<\/div>\n\t\t\t\t<\/div>\n\t\t<div class=\"elementor-element elementor-element-bbdc3c9 e-con-full e-flex e-con e-parent\" data-id=\"bbdc3c9\" data-element_type=\"container\">\n\t\t\t\t<div class=\"elementor-element elementor-element-6954049 elementor-widget elementor-widget-image\" data-id=\"6954049\" data-element_type=\"widget\" data-widget_type=\"image.default\">\n\t\t\t\t<div class=\"elementor-widget-container\">\n\t\t\t\t\t\t\t\t\t\t\t\t\t\t\t<img fetchpriority=\"high\" fetchpriority=\"high\" decoding=\"async\" width=\"999\" height=\"250\" src=\"https:\/\/www.cepikz.pl\/wp-content\/uploads\/2024\/04\/stopka_na_dole-removebg-preview.png\" class=\"attachment-large size-large wp-image-83\" alt=\"\" srcset=\"https:\/\/www.cepikz.pl\/wp-content\/uploads\/2024\/04\/stopka_na_dole-removebg-preview.png 999w, https:\/\/www.cepikz.pl\/wp-content\/uploads\/2024\/04\/stopka_na_dole-removebg-preview-980x245.png 980w, https:\/\/www.cepikz.pl\/wp-content\/uploads\/2024\/04\/stopka_na_dole-removebg-preview-480x120.png 480w\" sizes=\"(min-width: 0px) and (max-width: 480px) 480px, (min-width: 481px) and (max-width: 980px) 980px, (min-width: 981px) 999px, 100vw\" \/>\t\t\t\t\t\t\t\t\t\t\t\t\t\t\t<\/div>\n\t\t\t\t<\/div>\n\t\t\t\t<\/div>\n\t\t<div class=\"elementor-element elementor-element-1695702 e-con-full e-flex e-con e-parent\" data-id=\"1695702\" data-element_type=\"container\">\n\t\t\t\t<div class=\"elementor-element elementor-element-fafb2de elementor-widget elementor-widget-counter\" data-id=\"fafb2de\" data-element_type=\"widget\" data-widget_type=\"counter.default\">\n\t\t\t\t<div class=\"elementor-widget-container\">\n\t\t\t\t\t\t\t<div class=\"elementor-counter\">\n\t\t\t<div class=\"elementor-counter-title\">LICZBA REKORD\u00d3W<\/div>\t\t\t<div class=\"elementor-counter-number-wrapper\">\n\t\t\t\t<span class=\"elementor-counter-number-prefix\"><\/span>\n\t\t\t\t<span class=\"elementor-counter-number\" data-duration=\"2000\" data-to-value=\"100\" data-from-value=\"0\" data-delimiter=\",\">0<\/span>\n\t\t\t\t<span class=\"elementor-counter-number-suffix\"><\/span>\n\t\t\t<\/div>\n\t\t<\/div>\n\t\t\t\t\t\t<\/div>\n\t\t\t\t<\/div>\n\t\t\t\t<\/div>\n\t\t\t\t<\/div>\n\t\t","protected":false},"excerpt":{"rendered":"<p>ZG\u0141O\u015a POJAZD CEPIKZCENTRALNA EWIDENCJA POJAZD\u00d3W i KIEROWC\u00d3W ZAD\u0141U\u017bONYCH WI\u0118CEJ OFERTAWI\u0118CEJ MOTYWACJAWI\u0118CEJ WI\u0118CEJ Wszelkie tre\u015bci zamieszczone na stronie sp\u00f3\u0142ki Prawne Rozwi\u0105zania Parkingowe (teksty, komentarze, zdj\u0119cia, u\u017cywanie naszych skr\u00f3t\u00f3w czy nazw itp.) podlegaj\u0105 ochronie prawnej na podstawie przepis\u00f3w ustawy z dnia 4 lutego 1994 r. o prawie autorskim i prawach pokrewnych (tekst jednolity z 2006 r., Dz.U. [&hellip;]<\/p>\n","protected":false},"author":1,"featured_media":0,"parent":0,"menu_order":0,"comment_status":"closed","ping_status":"closed","template":"elementor_header_footer","meta":{"_et_pb_use_builder":"","_et_pb_old_content":"","_et_gb_content_width":"1080","footnotes":""},"class_list":["post-52","page","type-page","status-publish","hentry"],"yoast_head":"<!-- This site is optimized with the Yoast SEO plugin v25.6 - https:\/\/yoast.com\/wordpress\/plugins\/seo\/ -->\n<title>Home - Centralna ewidencja pojazd\u00f3w i kierowc\u00f3w zad\u0142u\u017conych<\/title>\n<meta name=\"robots\" content=\"index, follow, max-snippet:-1, max-image-preview:large, max-video-preview:-1\" \/>\n<link rel=\"canonical\" href=\"https:\/\/www.cepikz.pl\/\" \/>\n<meta property=\"og:locale\" content=\"pl_PL\" \/>\n<meta property=\"og:type\" content=\"article\" \/>\n<meta property=\"og:title\" content=\"Home - Centralna ewidencja pojazd\u00f3w i kierowc\u00f3w zad\u0142u\u017conych\" \/>\n<meta property=\"og:description\" content=\"ZG\u0141O\u015a POJAZD CEPIKZCENTRALNA EWIDENCJA POJAZD\u00d3W i KIEROWC\u00d3W ZAD\u0141U\u017bONYCH WI\u0118CEJ OFERTAWI\u0118CEJ MOTYWACJAWI\u0118CEJ WI\u0118CEJ Wszelkie tre\u015bci zamieszczone na stronie sp\u00f3\u0142ki Prawne Rozwi\u0105zania Parkingowe (teksty, komentarze, zdj\u0119cia, u\u017cywanie naszych skr\u00f3t\u00f3w czy nazw itp.) podlegaj\u0105 ochronie prawnej na podstawie przepis\u00f3w ustawy z dnia 4 lutego 1994 r. o prawie autorskim i prawach pokrewnych (tekst jednolity z 2006 r., Dz.U. [&hellip;]\" \/>\n<meta property=\"og:url\" content=\"https:\/\/www.cepikz.pl\/\" \/>\n<meta property=\"og:site_name\" content=\"CEPIKZ\" \/>\n<meta property=\"article:modified_time\" content=\"2024-07-24T06:11:53+00:00\" \/>\n<meta property=\"og:image\" content=\"http:\/\/www.cepikz.pl\/wp-content\/uploads\/2024\/04\/stopka_na_dole-removebg-preview.png\" \/>\n<meta name=\"twitter:card\" content=\"summary_large_image\" \/>\n<meta name=\"twitter:label1\" content=\"Szacowany czas czytania\" \/>\n\t<meta name=\"twitter:data1\" content=\"1 minuta\" \/>\n<script type=\"application\/ld+json\" class=\"yoast-schema-graph\">{\"@context\":\"https:\/\/schema.org\",\"@graph\":[{\"@type\":\"WebPage\",\"@id\":\"https:\/\/www.cepikz.pl\/\",\"url\":\"https:\/\/www.cepikz.pl\/\",\"name\":\"Home - Centralna ewidencja pojazd\u00f3w i kierowc\u00f3w zad\u0142u\u017conych\",\"isPartOf\":{\"@id\":\"https:\/\/www.cepikz.pl\/#website\"},\"primaryImageOfPage\":{\"@id\":\"https:\/\/www.cepikz.pl\/#primaryimage\"},\"image\":{\"@id\":\"https:\/\/www.cepikz.pl\/#primaryimage\"},\"thumbnailUrl\":\"http:\/\/www.cepikz.pl\/wp-content\/uploads\/2024\/04\/stopka_na_dole-removebg-preview.png\",\"datePublished\":\"2024-03-20T11:56:48+00:00\",\"dateModified\":\"2024-07-24T06:11:53+00:00\",\"breadcrumb\":{\"@id\":\"https:\/\/www.cepikz.pl\/#breadcrumb\"},\"inLanguage\":\"pl-PL\",\"potentialAction\":[{\"@type\":\"ReadAction\",\"target\":[\"https:\/\/www.cepikz.pl\/\"]}]},{\"@type\":\"ImageObject\",\"inLanguage\":\"pl-PL\",\"@id\":\"https:\/\/www.cepikz.pl\/#primaryimage\",\"url\":\"http:\/\/www.cepikz.pl\/wp-content\/uploads\/2024\/04\/stopka_na_dole-removebg-preview.png\",\"contentUrl\":\"http:\/\/www.cepikz.pl\/wp-content\/uploads\/2024\/04\/stopka_na_dole-removebg-preview.png\"},{\"@type\":\"BreadcrumbList\",\"@id\":\"https:\/\/www.cepikz.pl\/#breadcrumb\",\"itemListElement\":[{\"@type\":\"ListItem\",\"position\":1,\"name\":\"Home\",\"item\":\"https:\/\/www.cepikz.pl\/\"},{\"@type\":\"ListItem\",\"position\":2,\"name\":\"Home\"}]},{\"@type\":\"WebSite\",\"@id\":\"https:\/\/www.cepikz.pl\/#website\",\"url\":\"https:\/\/www.cepikz.pl\/\",\"name\":\"CEPIKZ\",\"description\":\"\",\"potentialAction\":[{\"@type\":\"SearchAction\",\"target\":{\"@type\":\"EntryPoint\",\"urlTemplate\":\"https:\/\/www.cepikz.pl\/?s={search_term_string}\"},\"query-input\":{\"@type\":\"PropertyValueSpecification\",\"valueRequired\":true,\"valueName\":\"search_term_string\"}}],\"inLanguage\":\"pl-PL\"}]}<\/script>\n<!-- \/ Yoast SEO plugin. -->","yoast_head_json":{"title":"Home - Centralna ewidencja pojazd\u00f3w i kierowc\u00f3w zad\u0142u\u017conych","robots":{"index":"index","follow":"follow","max-snippet":"max-snippet:-1","max-image-preview":"max-image-preview:large","max-video-preview":"max-video-preview:-1"},"canonical":"https:\/\/www.cepikz.pl\/","og_locale":"pl_PL","og_type":"article","og_title":"Home - Centralna ewidencja pojazd\u00f3w i kierowc\u00f3w zad\u0142u\u017conych","og_description":"ZG\u0141O\u015a POJAZD CEPIKZCENTRALNA EWIDENCJA POJAZD\u00d3W i KIEROWC\u00d3W ZAD\u0141U\u017bONYCH WI\u0118CEJ OFERTAWI\u0118CEJ MOTYWACJAWI\u0118CEJ WI\u0118CEJ Wszelkie tre\u015bci zamieszczone na stronie sp\u00f3\u0142ki Prawne Rozwi\u0105zania Parkingowe (teksty, komentarze, zdj\u0119cia, u\u017cywanie naszych skr\u00f3t\u00f3w czy nazw itp.) podlegaj\u0105 ochronie prawnej na podstawie przepis\u00f3w ustawy z dnia 4 lutego 1994 r. o prawie autorskim i prawach pokrewnych (tekst jednolity z 2006 r., Dz.U. [&hellip;]","og_url":"https:\/\/www.cepikz.pl\/","og_site_name":"CEPIKZ","article_modified_time":"2024-07-24T06:11:53+00:00","og_image":[{"url":"http:\/\/www.cepikz.pl\/wp-content\/uploads\/2024\/04\/stopka_na_dole-removebg-preview.png","type":"","width":"","height":""}],"twitter_card":"summary_large_image","twitter_misc":{"Szacowany czas czytania":"1 minuta"},"schema":{"@context":"https:\/\/schema.org","@graph":[{"@type":"WebPage","@id":"https:\/\/www.cepikz.pl\/","url":"https:\/\/www.cepikz.pl\/","name":"Home - Centralna ewidencja pojazd\u00f3w i kierowc\u00f3w zad\u0142u\u017conych","isPartOf":{"@id":"https:\/\/www.cepikz.pl\/#website"},"primaryImageOfPage":{"@id":"https:\/\/www.cepikz.pl\/#primaryimage"},"image":{"@id":"https:\/\/www.cepikz.pl\/#primaryimage"},"thumbnailUrl":"http:\/\/www.cepikz.pl\/wp-content\/uploads\/2024\/04\/stopka_na_dole-removebg-preview.png","datePublished":"2024-03-20T11:56:48+00:00","dateModified":"2024-07-24T06:11:53+00:00","breadcrumb":{"@id":"https:\/\/www.cepikz.pl\/#breadcrumb"},"inLanguage":"pl-PL","potentialAction":[{"@type":"ReadAction","target":["https:\/\/www.cepikz.pl\/"]}]},{"@type":"ImageObject","inLanguage":"pl-PL","@id":"https:\/\/www.cepikz.pl\/#primaryimage","url":"http:\/\/www.cepikz.pl\/wp-content\/uploads\/2024\/04\/stopka_na_dole-removebg-preview.png","contentUrl":"http:\/\/www.cepikz.pl\/wp-content\/uploads\/2024\/04\/stopka_na_dole-removebg-preview.png"},{"@type":"BreadcrumbList","@id":"https:\/\/www.cepikz.pl\/#breadcrumb","itemListElement":[{"@type":"ListItem","position":1,"name":"Home","item":"https:\/\/www.cepikz.pl\/"},{"@type":"ListItem","position":2,"name":"Home"}]},{"@type":"WebSite","@id":"https:\/\/www.cepikz.pl\/#website","url":"https:\/\/www.cepikz.pl\/","name":"CEPIKZ","description":"","potentialAction":[{"@type":"SearchAction","target":{"@type":"EntryPoint","urlTemplate":"https:\/\/www.cepikz.pl\/?s={search_term_string}"},"query-input":{"@type":"PropertyValueSpecification","valueRequired":true,"valueName":"search_term_string"}}],"inLanguage":"pl-PL"}]}},"_links":{"self":[{"href":"https:\/\/www.cepikz.pl\/index.php\/wp-json\/wp\/v2\/pages\/52"}],"collection":[{"href":"https:\/\/www.cepikz.pl\/index.php\/wp-json\/wp\/v2\/pages"}],"about":[{"href":"https:\/\/www.cepikz.pl\/index.php\/wp-json\/wp\/v2\/types\/page"}],"author":[{"embeddable":true,"href":"https:\/\/www.cepikz.pl\/index.php\/wp-json\/wp\/v2\/users\/1"}],"replies":[{"embeddable":true,"href":"https:\/\/www.cepikz.pl\/index.php\/wp-json\/wp\/v2\/comments?post=52"}],"version-history":[{"count":149,"href":"https:\/\/www.cepikz.pl\/index.php\/wp-json\/wp\/v2\/pages\/52\/revisions"}],"predecessor-version":[{"id":361,"href":"https:\/\/www.cepikz.pl\/index.php\/wp-json\/wp\/v2\/pages\/52\/revisions\/361"}],"wp:attachment":[{"href":"https:\/\/www.cepikz.pl\/index.php\/wp-json\/wp\/v2\/media?parent=52"}],"curies":[{"name":"wp","href":"https:\/\/api.w.org\/{rel}","templated":true}]}}