{"id":101,"date":"2024-04-03T14:54:59","date_gmt":"2024-04-03T14:54:59","guid":{"rendered":"https:\/\/www.cepikz.pl\/?page_id=101"},"modified":"2024-07-24T05:59:17","modified_gmt":"2024-07-24T05:59:17","slug":"faq-rodo-i-prawo","status":"publish","type":"page","link":"https:\/\/www.cepikz.pl\/index.php\/faq-rodo-i-prawo\/","title":{"rendered":"FAQ \u2013 (RODO i PRAWO)"},"content":{"rendered":"\t\t<div data-elementor-type=\"wp-page\" data-elementor-id=\"101\" class=\"elementor elementor-101\" data-elementor-post-type=\"page\">\n\t\t\t\t<div class=\"elementor-element elementor-element-14c34dc e-con-full e-flex e-con e-parent\" data-id=\"14c34dc\" data-element_type=\"container\">\n\t\t\t\t<div class=\"elementor-element elementor-element-1d7c788 elementor-widget elementor-widget-text-editor\" data-id=\"1d7c788\" data-element_type=\"widget\" data-widget_type=\"text-editor.default\">\n\t\t\t\t<div class=\"elementor-widget-container\">\n\t\t\t\t\t\t\t\t\t<p>W dziale FAQ znajdziecie Pa\u0144stwo wyroki S\u0105dowe i sygnatury z uzasadnieniem.<\/p>\n<p>Jak r\u00f3wnie\u017c orzecznictwo S\u0105du Najwy\u017cszego w kwestii upubliczniania pojazd\u00f3w czy numer\u00f3w rejestracyjnych pojazd\u00f3w na stronach internetowych czy w mediach spo\u0142eczno\u015bciowych przez osoby prywatne lub podmioty gospodarcze.<\/p>\n<p><\/p>\n<p>AUTO TO NIE OSOBA!<\/p>\n<p><\/p>\n<p>Zgodnie z orzeczeniem Naczelnego S\u0105du Administracyjnego, mo\u017cna ju\u017c m\u00f3wi\u0107 o linii orzeczniczej uznaj\u0105cej, \u017ce numery rejestracyjne, przynajmniej w wi\u0119kszo\u015bci przypadk\u00f3w, nie zawieraj\u0105 danych osobowych i nie podlegaj\u0105 ochronie ze wzgl\u0119du na prywatno\u015b\u0107. Teza ta nie tylko po raz trzeci pojawia si\u0119 w wyroku&nbsp;<a href=\"https:\/\/www.gazetaprawna.pl\/tagi\/nsa\">NSA<\/a>, lecz tak\u017ce mo\u017cna j\u0105 odnale\u017a\u0107 w orzecznictwie s\u0105d\u00f3w cywilnych. Id\u0105c jej tropem, nic nie stoi na przeszkodzie, by zamieszcza\u0107 w Internecie zdj\u0119cia pojazd\u00f3w z niezamazanymi tablicami. To samo dotyczy publikacji nagra\u0144 z wyj\u0105tkowo popularnych w Polsce rejestrator\u00f3w samochodowych.&nbsp;Zach\u0119camy do podsy\u0142ania zdj\u0119\u0107 pojazd\u00f3w z problemami, a my b\u0119dziemy bra\u0107 odpowiedzialno\u015b\u0107 za ich publikacj\u0119.<\/p>\n<p>Powy\u017csze podziela, zdanie wyra\u017cone w wyroku NSA z 14 maja 2021 r. (sygn. akt III OSK 1466\/21), zgodnie z kt\u00f3rym \u201enumer rejestracyjny samochodu nie podlega ochronie wynikaj\u0105cej z prawa&nbsp;do prywatno\u015bci, gdy\u017c identyfikuje samoch\u00f3d, a nie osob\u0119\u201d.&nbsp;<\/p>\n<p><\/p>\n<p>W poprzednich latach zdarzy\u0142o si\u0119, \u017ce S\u0105dy w post\u0119powaniu upominawczym przypisywa\u0142y op\u0142at\u0119 w\u0142a\u015bcicielowi nabytego pojazdu, nie bior\u0105c w og\u00f3le pod uwag\u0119, \u017ce za parkowanie i niedokonywanie zap\u0142aty w terminie odpowiada\u0142 poprzedni nabywca pojazdu. S\u0105d stwierdzi\u0142, \u017ce op\u0142aty i zaleg\u0142o\u015bci z tym zwi\u0105zane zosta\u0142y nabyte wraz z pojazdem.<\/p>\t\t\t\t\t\t\t\t<\/div>\n\t\t\t\t<\/div>\n\t\t\t\t<\/div>\n\t\t\t\t<\/div>\n\t\t","protected":false},"excerpt":{"rendered":"<p>W dziale FAQ znajdziecie Pa\u0144stwo wyroki S\u0105dowe i sygnatury z uzasadnieniem. Jak r\u00f3wnie\u017c orzecznictwo S\u0105du Najwy\u017cszego w kwestii upubliczniania pojazd\u00f3w czy numer\u00f3w rejestracyjnych pojazd\u00f3w na stronach internetowych czy w mediach spo\u0142eczno\u015bciowych przez osoby prywatne lub podmioty gospodarcze. AUTO TO NIE OSOBA! Zgodnie z orzeczeniem Naczelnego S\u0105du Administracyjnego, mo\u017cna ju\u017c m\u00f3wi\u0107 o linii orzeczniczej uznaj\u0105cej, \u017ce [&hellip;]<\/p>\n","protected":false},"author":1,"featured_media":0,"parent":0,"menu_order":0,"comment_status":"closed","ping_status":"closed","template":"elementor_header_footer","meta":{"_et_pb_use_builder":"","_et_pb_old_content":"","_et_gb_content_width":"1920","footnotes":""},"class_list":["post-101","page","type-page","status-publish","hentry"],"yoast_head":"<!-- This site is optimized with the Yoast SEO plugin v25.6 - https:\/\/yoast.com\/wordpress\/plugins\/seo\/ -->\n<title>FAQ \u2013 (RODO i PRAWO) - Centralna ewidencja pojazd\u00f3w i kierowc\u00f3w zad\u0142u\u017conych<\/title>\n<meta name=\"robots\" content=\"index, follow, max-snippet:-1, max-image-preview:large, max-video-preview:-1\" \/>\n<link rel=\"canonical\" href=\"https:\/\/www.cepikz.pl\/index.php\/faq-rodo-i-prawo\/\" \/>\n<meta property=\"og:locale\" content=\"pl_PL\" \/>\n<meta property=\"og:type\" content=\"article\" \/>\n<meta property=\"og:title\" content=\"FAQ \u2013 (RODO i PRAWO) - Centralna ewidencja pojazd\u00f3w i kierowc\u00f3w zad\u0142u\u017conych\" \/>\n<meta property=\"og:description\" content=\"W dziale FAQ znajdziecie Pa\u0144stwo wyroki S\u0105dowe i sygnatury z uzasadnieniem. Jak r\u00f3wnie\u017c orzecznictwo S\u0105du Najwy\u017cszego w kwestii upubliczniania pojazd\u00f3w czy numer\u00f3w rejestracyjnych pojazd\u00f3w na stronach internetowych czy w mediach spo\u0142eczno\u015bciowych przez osoby prywatne lub podmioty gospodarcze. AUTO TO NIE OSOBA! Zgodnie z orzeczeniem Naczelnego S\u0105du Administracyjnego, mo\u017cna ju\u017c m\u00f3wi\u0107 o linii orzeczniczej uznaj\u0105cej, \u017ce [&hellip;]\" \/>\n<meta property=\"og:url\" content=\"https:\/\/www.cepikz.pl\/index.php\/faq-rodo-i-prawo\/\" \/>\n<meta property=\"og:site_name\" content=\"CEPIKZ\" \/>\n<meta property=\"article:modified_time\" content=\"2024-07-24T05:59:17+00:00\" \/>\n<meta name=\"twitter:card\" content=\"summary_large_image\" \/>\n<meta name=\"twitter:label1\" content=\"Szacowany czas czytania\" \/>\n\t<meta name=\"twitter:data1\" content=\"2 minuty\" \/>\n<script type=\"application\/ld+json\" class=\"yoast-schema-graph\">{\"@context\":\"https:\/\/schema.org\",\"@graph\":[{\"@type\":\"WebPage\",\"@id\":\"https:\/\/www.cepikz.pl\/index.php\/faq-rodo-i-prawo\/\",\"url\":\"https:\/\/www.cepikz.pl\/index.php\/faq-rodo-i-prawo\/\",\"name\":\"FAQ \u2013 (RODO i PRAWO) - Centralna ewidencja pojazd\u00f3w i kierowc\u00f3w zad\u0142u\u017conych\",\"isPartOf\":{\"@id\":\"https:\/\/www.cepikz.pl\/#website\"},\"datePublished\":\"2024-04-03T14:54:59+00:00\",\"dateModified\":\"2024-07-24T05:59:17+00:00\",\"breadcrumb\":{\"@id\":\"https:\/\/www.cepikz.pl\/index.php\/faq-rodo-i-prawo\/#breadcrumb\"},\"inLanguage\":\"pl-PL\",\"potentialAction\":[{\"@type\":\"ReadAction\",\"target\":[\"https:\/\/www.cepikz.pl\/index.php\/faq-rodo-i-prawo\/\"]}]},{\"@type\":\"BreadcrumbList\",\"@id\":\"https:\/\/www.cepikz.pl\/index.php\/faq-rodo-i-prawo\/#breadcrumb\",\"itemListElement\":[{\"@type\":\"ListItem\",\"position\":1,\"name\":\"Home\",\"item\":\"https:\/\/www.cepikz.pl\/\"},{\"@type\":\"ListItem\",\"position\":2,\"name\":\"FAQ \u2013 (RODO i PRAWO)\"}]},{\"@type\":\"WebSite\",\"@id\":\"https:\/\/www.cepikz.pl\/#website\",\"url\":\"https:\/\/www.cepikz.pl\/\",\"name\":\"CEPIKZ\",\"description\":\"\",\"potentialAction\":[{\"@type\":\"SearchAction\",\"target\":{\"@type\":\"EntryPoint\",\"urlTemplate\":\"https:\/\/www.cepikz.pl\/?s={search_term_string}\"},\"query-input\":{\"@type\":\"PropertyValueSpecification\",\"valueRequired\":true,\"valueName\":\"search_term_string\"}}],\"inLanguage\":\"pl-PL\"}]}<\/script>\n<!-- \/ Yoast SEO plugin. -->","yoast_head_json":{"title":"FAQ \u2013 (RODO i PRAWO) - Centralna ewidencja pojazd\u00f3w i kierowc\u00f3w zad\u0142u\u017conych","robots":{"index":"index","follow":"follow","max-snippet":"max-snippet:-1","max-image-preview":"max-image-preview:large","max-video-preview":"max-video-preview:-1"},"canonical":"https:\/\/www.cepikz.pl\/index.php\/faq-rodo-i-prawo\/","og_locale":"pl_PL","og_type":"article","og_title":"FAQ \u2013 (RODO i PRAWO) - Centralna ewidencja pojazd\u00f3w i kierowc\u00f3w zad\u0142u\u017conych","og_description":"W dziale FAQ znajdziecie Pa\u0144stwo wyroki S\u0105dowe i sygnatury z uzasadnieniem. Jak r\u00f3wnie\u017c orzecznictwo S\u0105du Najwy\u017cszego w kwestii upubliczniania pojazd\u00f3w czy numer\u00f3w rejestracyjnych pojazd\u00f3w na stronach internetowych czy w mediach spo\u0142eczno\u015bciowych przez osoby prywatne lub podmioty gospodarcze. AUTO TO NIE OSOBA! Zgodnie z orzeczeniem Naczelnego S\u0105du Administracyjnego, mo\u017cna ju\u017c m\u00f3wi\u0107 o linii orzeczniczej uznaj\u0105cej, \u017ce [&hellip;]","og_url":"https:\/\/www.cepikz.pl\/index.php\/faq-rodo-i-prawo\/","og_site_name":"CEPIKZ","article_modified_time":"2024-07-24T05:59:17+00:00","twitter_card":"summary_large_image","twitter_misc":{"Szacowany czas czytania":"2 minuty"},"schema":{"@context":"https:\/\/schema.org","@graph":[{"@type":"WebPage","@id":"https:\/\/www.cepikz.pl\/index.php\/faq-rodo-i-prawo\/","url":"https:\/\/www.cepikz.pl\/index.php\/faq-rodo-i-prawo\/","name":"FAQ \u2013 (RODO i PRAWO) - Centralna ewidencja pojazd\u00f3w i kierowc\u00f3w zad\u0142u\u017conych","isPartOf":{"@id":"https:\/\/www.cepikz.pl\/#website"},"datePublished":"2024-04-03T14:54:59+00:00","dateModified":"2024-07-24T05:59:17+00:00","breadcrumb":{"@id":"https:\/\/www.cepikz.pl\/index.php\/faq-rodo-i-prawo\/#breadcrumb"},"inLanguage":"pl-PL","potentialAction":[{"@type":"ReadAction","target":["https:\/\/www.cepikz.pl\/index.php\/faq-rodo-i-prawo\/"]}]},{"@type":"BreadcrumbList","@id":"https:\/\/www.cepikz.pl\/index.php\/faq-rodo-i-prawo\/#breadcrumb","itemListElement":[{"@type":"ListItem","position":1,"name":"Home","item":"https:\/\/www.cepikz.pl\/"},{"@type":"ListItem","position":2,"name":"FAQ \u2013 (RODO i PRAWO)"}]},{"@type":"WebSite","@id":"https:\/\/www.cepikz.pl\/#website","url":"https:\/\/www.cepikz.pl\/","name":"CEPIKZ","description":"","potentialAction":[{"@type":"SearchAction","target":{"@type":"EntryPoint","urlTemplate":"https:\/\/www.cepikz.pl\/?s={search_term_string}"},"query-input":{"@type":"PropertyValueSpecification","valueRequired":true,"valueName":"search_term_string"}}],"inLanguage":"pl-PL"}]}},"_links":{"self":[{"href":"https:\/\/www.cepikz.pl\/index.php\/wp-json\/wp\/v2\/pages\/101"}],"collection":[{"href":"https:\/\/www.cepikz.pl\/index.php\/wp-json\/wp\/v2\/pages"}],"about":[{"href":"https:\/\/www.cepikz.pl\/index.php\/wp-json\/wp\/v2\/types\/page"}],"author":[{"embeddable":true,"href":"https:\/\/www.cepikz.pl\/index.php\/wp-json\/wp\/v2\/users\/1"}],"replies":[{"embeddable":true,"href":"https:\/\/www.cepikz.pl\/index.php\/wp-json\/wp\/v2\/comments?post=101"}],"version-history":[{"count":11,"href":"https:\/\/www.cepikz.pl\/index.php\/wp-json\/wp\/v2\/pages\/101\/revisions"}],"predecessor-version":[{"id":356,"href":"https:\/\/www.cepikz.pl\/index.php\/wp-json\/wp\/v2\/pages\/101\/revisions\/356"}],"wp:attachment":[{"href":"https:\/\/www.cepikz.pl\/index.php\/wp-json\/wp\/v2\/media?parent=101"}],"curies":[{"name":"wp","href":"https:\/\/api.w.org\/{rel}","templated":true}]}}